{"id":63,"date":"2018-11-11T13:47:47","date_gmt":"2018-11-11T12:47:47","guid":{"rendered":"https:\/\/www.turnados-dresden.de\/?page_id=63"},"modified":"2024-09-17T11:41:03","modified_gmt":"2024-09-17T09:41:03","slug":"geraetturnen","status":"publish","type":"page","link":"https:\/\/www.dresden-kinderturnen.de\/?page_id=63","title":{"rendered":"Ger\u00e4tturnen"},"content":{"rendered":"<p>[et_pb_section fb_built=&#8220;1&#8243; _builder_version=&#8220;4.16&#8243; global_colors_info=&#8220;{}&#8220;][et_pb_row _builder_version=&#8220;4.16&#8243; background_size=&#8220;initial&#8220; background_position=&#8220;top_left&#8220; background_repeat=&#8220;repeat&#8220; global_colors_info=&#8220;{}&#8220;][et_pb_column type=&#8220;4_4&#8243; _builder_version=&#8220;4.16&#8243; custom_padding=&#8220;|||&#8220; global_colors_info=&#8220;{}&#8220; custom_padding__hover=&#8220;|||&#8220;][et_pb_image src=&#8220;https:\/\/www.turnados-dresden.de\/wp-content\/uploads\/ger\u00e4tturnen.jpg&#8220; align_tablet=&#8220;center&#8220; align_phone=&#8220;&#8220; align_last_edited=&#8220;on|desktop&#8220; _builder_version=&#8220;4.16&#8243; global_colors_info=&#8220;{}&#8220;][\/et_pb_image][et_pb_text admin_label=&#8220;Beschreibung Ger\u00e4tturnen&#8220; _builder_version=&#8220;4.16&#8243; global_colors_info=&#8220;{}&#8220;]<\/p>\n<p>Ger\u00e4tturnen ist das Bewegen an Gro\u00dfturnger\u00e4ten, f\u00fcr dessen Ausf\u00fchrung es Technik- und Bewertungskriterien gibt. Das Ger\u00e4tturnen ist als Sportart charakterisiert durch die Verwendung der Gro\u00dfger\u00e4te: Reck, Barren, Pauschenpferd, Ringeturnen, Boden, Stufenbarren, Schwebebalken und der Sprungger\u00e4te (Bock, Kasten, Pferd, Sprungtisch). Wir trainieren mit unseren Kindergruppen im breitensportlich orientierten Ger\u00e4tturnen. Wir nehmen nur an kleinen Wettk\u00e4mpfen teil, da diese bei uns eine untergeordnete Rolle spielen.<\/p>\n<p>[\/et_pb_text][\/et_pb_column][\/et_pb_row][et_pb_row column_structure=&#8220;1_3,1_3,1_3&#8243; _builder_version=&#8220;4.16&#8243; background_size=&#8220;initial&#8220; background_position=&#8220;top_left&#8220; background_repeat=&#8220;repeat&#8220; global_colors_info=&#8220;{}&#8220;][et_pb_column type=&#8220;1_3&#8243; _builder_version=&#8220;4.16&#8243; custom_padding=&#8220;|||&#8220; global_colors_info=&#8220;{}&#8220; custom_padding__hover=&#8220;|||&#8220;][et_pb_blurb title=&#8220;Ger\u00e4tturnen &#8211; Gruppe 1&#8243; admin_label=&#8220;Donnerstag 1&#8243; _builder_version=&#8220;4.19.4&#8243; global_colors_info=&#8220;{}&#8220;]<\/p>\n<p>Altersgruppe:<br \/>ab 1. Klasse bis 4. Klasse<\/p>\n<p>\u00dcbungszeit:<br \/>Donnerstag, 16:00 Uhr bis 17:45 Uhr<\/p>\n<p>[\/et_pb_blurb][\/et_pb_column][et_pb_column type=&#8220;1_3&#8243; _builder_version=&#8220;4.16&#8243; custom_padding=&#8220;|||&#8220; global_colors_info=&#8220;{}&#8220; custom_padding__hover=&#8220;|||&#8220;][et_pb_blurb title=&#8220;Ger\u00e4tturnen &#8211; Guppe 2&#8243; admin_label=&#8220;Donnerstag 2&#8243; _builder_version=&#8220;4.19.4&#8243; global_colors_info=&#8220;{}&#8220; title__hover_enabled=&#8220;on|desktop&#8220; title__hover=&#8220;Donnerstag&#8220;]<\/p>\n<p>Altersgruppe:<br \/>ab 5. Klasse<\/p>\n<p>\u00dcbungszeit:<br \/>Donnerstag, 17:00 Uhr bis 19:00 Uhr<\/p>\n<p>[\/et_pb_blurb][\/et_pb_column][et_pb_column type=&#8220;1_3&#8243; _builder_version=&#8220;4.16&#8243; custom_padding=&#8220;|||&#8220; global_colors_info=&#8220;{}&#8220; custom_padding__hover=&#8220;|||&#8220;][et_pb_blurb title=&#8220;Ger\u00e4tturnen (zus\u00e4tzlich)&#8220; admin_label=&#8220;Montag&#8220; _builder_version=&#8220;4.19.4&#8243; global_colors_info=&#8220;{}&#8220;]<\/p>\n<p>zus\u00e4tzlich zur Teilnahme am Donnerstag:<\/p>\n<p>Altersgruppe:<br \/>ab 1. Klasse<\/p>\n<p>\u00dcbungszeit:<br \/>Montag, 16:00 Uhr bis 17:30 Uhr<\/p>\n<p>[\/et_pb_blurb][\/et_pb_column][\/et_pb_row][et_pb_row _builder_version=&#8220;4.16&#8243; background_size=&#8220;initial&#8220; background_position=&#8220;top_left&#8220; background_repeat=&#8220;repeat&#8220; global_colors_info=&#8220;{}&#8220;][et_pb_column type=&#8220;4_4&#8243; _builder_version=&#8220;4.16&#8243; custom_padding=&#8220;|||&#8220; global_colors_info=&#8220;{}&#8220; custom_padding__hover=&#8220;|||&#8220;][et_pb_text admin_label=&#8220;Trainingsort&#8220; _builder_version=&#8220;4.16&#8243; global_colors_info=&#8220;{}&#8220;]<\/p>\n<p>Unsere Gruppen \u00fcben in der Turnhalle der 19. Grundschule Dresden (Am J\u00e4gerpark 5, 01099 Dresden) und sind Bestandteil der Kooperation mit der 19. Grundschule.<\/p>\n<p>[\/et_pb_text][et_pb_text admin_label=&#8220;\u00dcbungsleiter&#8220; _builder_version=&#8220;4.16&#8243; global_colors_info=&#8220;{}&#8220;]<\/p>\n<div class=\"tmm tmm_abteilung-geraetturnen\"><div class=\"tmm_5_columns tmm_wrap tmm_theme_f\"><span class=\"tmm_two_containers_tablet\"><\/span><div class=\"tmm_container\"><div class=\"tmm_member\" style=\"border-top:#81d742 solid 5px;\"><div class=\"tmm_photo tmm_pic_abteilung-geraetturnen_0\" style=\"background: url(https:\/\/www.turnados-dresden.de\/wp-content\/uploads\/frickmann.jpg); margin-left: auto; margin-right:auto; background-size:cover !important;\"><\/div><div class=\"tmm_textblock\"><div class=\"tmm_names\"><span class=\"tmm_fname\">Martin<\/span> <span class=\"tmm_lname\">Frickmann<\/span><\/div><div class=\"tmm_job\">Abteilungsleiter und Trainer<\/div><div class=\"tmm_desc\" style=\"text-align:center\"><p>Trainer C-Ger\u00e4tturnen<\/p><\/div><div class=\"tmm_scblock\"><\/div><\/div><\/div><div class=\"tmm_member\" style=\"border-top:#81d742 solid 5px;\"><div class=\"tmm_photo tmm_pic_abteilung-geraetturnen_1\" style=\"background: url(https:\/\/www.turnados-dresden.de\/wp-content\/uploads\/baerens.jpg); margin-left: auto; margin-right:auto; background-size:cover !important;\"><\/div><div class=\"tmm_textblock\"><div class=\"tmm_names\"><span class=\"tmm_fname\">Jana<\/span> <span class=\"tmm_lname\">Baerens<\/span><\/div><div class=\"tmm_job\">Trainerin<\/div><div class=\"tmm_desc\" style=\"text-align:center\"><p>Trainer C-Ger\u00e4tturnen<\/p><\/div><div class=\"tmm_scblock\"><\/div><\/div><\/div><span class=\"tmm_two_containers_tablet\"><\/span><div class=\"tmm_member\" style=\"border-top:#81d742 solid 5px;\"><div class=\"tmm_photo tmm_pic_abteilung-geraetturnen_2\" style=\"background: url(https:\/\/www.turnados-dresden.de\/wp-content\/uploads\/Smiley-lachend.png); margin-left: auto; margin-right:auto; background-size:cover !important;\"><\/div><div class=\"tmm_textblock\"><div class=\"tmm_names\"><span class=\"tmm_fname\">Anna<\/span> <span class=\"tmm_lname\">B\u00f6ttger<\/span><\/div><div class=\"tmm_job\">Trainerin<\/div><div class=\"tmm_desc\" style=\"text-align:center\"><p>\u00dcbungsleiter C-Kinderturnen<\/p><\/div><div class=\"tmm_scblock\"><\/div><\/div><\/div><div class=\"tmm_member\" style=\"border-top:#81d742 solid 5px;\"><div class=\"tmm_photo tmm_pic_abteilung-geraetturnen_3\" style=\"background: url(https:\/\/www.turnados-dresden.de\/wp-content\/uploads\/Smiley-lachend.png); margin-left: auto; margin-right:auto; background-size:cover !important;\"><\/div><div class=\"tmm_textblock\"><div class=\"tmm_names\"><span class=\"tmm_fname\">Amilia<\/span> <span class=\"tmm_lname\">Steinfeld<\/span><\/div><div class=\"tmm_job\">\u00dcbungsleiterassistentin<\/div><div class=\"tmm_scblock\"><\/div><\/div><\/div><div style=\"clear:both;\"><\/div><\/div><\/div><\/div>\n<p>[\/et_pb_text][et_pb_text admin_label=&#8220;Kontaktformular&#8220; _builder_version=&#8220;4.27.0&#8243; hover_enabled=&#8220;0&#8243; global_colors_info=&#8220;{}&#8220; sticky_enabled=&#8220;0&#8243;]<\/p>\n<p><strong>Wichtig! Derzeitig ist ein Probetraining f\u00fcr M\u00e4dchen bis 4. Klasse im Ger\u00e4tturnen nicht m\u00f6glich, wir sind \u00fcberf\u00fcllt, entsprechende Anfragen werden daher nicht beantwortet. Freie Pl\u00e4tze sind im Kinder- und Jugendturnen noch vorhanden.<\/strong><br \/>\n<div class=\"wpcf7 no-js\" id=\"wpcf7-f196-o1\" lang=\"de-DE\" dir=\"ltr\" data-wpcf7-id=\"196\">\n<div class=\"screen-reader-response\"><p role=\"status\" aria-live=\"polite\" aria-atomic=\"true\"><\/p> <ul><\/ul><\/div>\n<form action=\"\/index.php?rest_route=%2Fwp%2Fv2%2Fpages%2F63#wpcf7-f196-o1\" method=\"post\" class=\"wpcf7-form init\" aria-label=\"Kontaktformular\" novalidate=\"novalidate\" data-status=\"init\">\n<fieldset class=\"hidden-fields-container\"><input type=\"hidden\" name=\"_wpcf7\" value=\"196\" \/><input type=\"hidden\" name=\"_wpcf7_version\" value=\"6.1.1\" \/><input type=\"hidden\" name=\"_wpcf7_locale\" value=\"de_DE\" \/><input type=\"hidden\" name=\"_wpcf7_unit_tag\" value=\"wpcf7-f196-o1\" \/><input type=\"hidden\" name=\"_wpcf7_container_post\" value=\"0\" \/><input type=\"hidden\" name=\"_wpcf7_posted_data_hash\" value=\"\" \/><input type=\"hidden\" name=\"_wpcf7_recaptcha_response\" value=\"\" \/>\n<\/fieldset>\n<p><label> Dein Name (Pflichtfeld)<br \/>\n<span class=\"wpcf7-form-control-wrap\" data-name=\"your-name\"><input size=\"40\" maxlength=\"400\" class=\"wpcf7-form-control wpcf7-text wpcf7-validates-as-required\" aria-required=\"true\" aria-invalid=\"false\" value=\"\" type=\"text\" name=\"your-name\" \/><\/span> <\/label>\n<\/p>\n<p><label> Deine E-Mail-Adresse (Pflichtfeld)<br \/>\n<span class=\"wpcf7-form-control-wrap\" data-name=\"your-email\"><input size=\"40\" maxlength=\"400\" class=\"wpcf7-form-control wpcf7-email wpcf7-validates-as-required wpcf7-text wpcf7-validates-as-email\" aria-required=\"true\" aria-invalid=\"false\" value=\"\" type=\"email\" name=\"your-email\" \/><\/span> <\/label>\n<\/p>\n<p><label> Betreff<br \/>\n<span class=\"wpcf7-form-control-wrap\" data-name=\"your-subject\"><input size=\"40\" maxlength=\"400\" class=\"wpcf7-form-control wpcf7-text\" aria-invalid=\"false\" value=\"\" type=\"text\" name=\"your-subject\" \/><\/span> <\/label>\n<\/p>\n<p><label> Deine Nachricht<br \/>\n<span class=\"wpcf7-form-control-wrap\" data-name=\"your-message\"><textarea cols=\"40\" rows=\"10\" maxlength=\"2000\" class=\"wpcf7-form-control wpcf7-textarea\" aria-invalid=\"false\" name=\"your-message\"><\/textarea><\/span> <\/label>\n<\/p>\n<p><span class=\"wpcf7-form-control-wrap kc_captcha\" data-name=\"kc_captcha\"><span class=\"wpcf7-form-control wpcf7-radio\"><span class=\"captcha-image\" ><span class=\"cf7ic_instructions\">Bitte beweise, dass du kein Spambot bist und w\u00e4hle das Symbol<span> Stern<\/span>.<\/span><label><input aria-label=\"1\" type=\"radio\" name=\"kc_captcha\" value=\"bot\" \/><svg aria-hidden=\"true\" role=\"img\" xmlns=\"http:\/\/www.w3.org\/2000\/svg\" viewBox=\"0 0 576 512\"><path fill=\"currentColor\" d=\"M415 24c-53 0-103 42-127 65-24-23-74-65-127-65C70 24 16 77 16 166c0 72 67 133 69 135l187 181c9 8 23 8 32 0l187-180c2-3 69-64 69-136 0-89-54-142-145-142z\"\/><\/svg><\/label><label><input aria-label=\"2\" type=\"radio\" name=\"kc_captcha\" value=\"kc_human\" \/><svg aria-hidden=\"true\" role=\"img\" xmlns=\"http:\/\/www.w3.org\/2000\/svg\" viewBox=\"0 0 576 512\"><path fill=\"currentColor\" d=\"M259 18l-65 132-146 22c-26 3-37 36-18 54l106 103-25 146c-5 26 23 46 46 33l131-68 131 68c23 13 51-7 46-33l-25-146 106-103c19-18 8-51-18-54l-146-22-65-132a32 32 0 00-58 0z\"\/><\/svg><\/label><label><input aria-label=\"3\" type=\"radio\" name=\"kc_captcha\" value=\"bot\" \/><svg aria-hidden=\"true\" role=\"img\" xmlns=\"http:\/\/www.w3.org\/2000\/svg\" viewBox=\"0 0 384 512\"><path fill=\"currentColor\" d=\"M377 375l-83-87h34c21 0 32-25 17-40l-82-88h33c21 0 32-25 18-40L210 8c-10-11-26-11-36 0L70 120c-14 15-3 40 18 40h33l-82 88c-15 15-4 40 17 40h34L7 375c-15 16-4 41 17 41h120c0 33-11 49-34 68-12 9-5 28 10 28h144c15 0 22-19 10-28-20-16-34-32-34-68h120c21 0 32-25 17-41z\"\/><\/svg><\/label>\r\n    <\/span>\r\n    <span style=\"display:none\">\r\n        <input type=\"text\" name=\"kc_honeypot\">\r\n    <\/span><\/span><\/span>\n<\/p>\n<p><input class=\"wpcf7-form-control wpcf7-submit has-spinner\" type=\"submit\" value=\"Senden\" \/>\n<\/p><p style=\"display: none !important;\" class=\"akismet-fields-container\" data-prefix=\"_wpcf7_ak_\"><label>&#916;<textarea name=\"_wpcf7_ak_hp_textarea\" cols=\"45\" rows=\"8\" maxlength=\"100\"><\/textarea><\/label><input type=\"hidden\" id=\"ak_js_1\" name=\"_wpcf7_ak_js\" value=\"37\"\/><script>document.getElementById( \"ak_js_1\" ).setAttribute( \"value\", ( new Date() ).getTime() );<\/script><\/p><div class=\"wpcf7-response-output\" aria-hidden=\"true\"><\/div>\n<\/form>\n<\/div>\n<\/p>\n<p>[\/et_pb_text][\/et_pb_column][\/et_pb_row][\/et_pb_section]<\/p>\n","protected":false},"excerpt":{"rendered":"<p>[et_pb_section fb_built=&#8220;1&#8243; _builder_version=&#8220;4.16&#8243; global_colors_info=&#8220;{}&#8220;][et_pb_row _builder_version=&#8220;4.16&#8243; background_size=&#8220;initial&#8220; background_position=&#8220;top_left&#8220; background_repeat=&#8220;repeat&#8220; global_colors_info=&#8220;{}&#8220;][et_pb_column type=&#8220;4_4&#8243; _builder_version=&#8220;4.16&#8243; custom_padding=&#8220;|||&#8220; global_colors_info=&#8220;{}&#8220; custom_padding__hover=&#8220;|||&#8220;][et_pb_image src=&#8220;https:\/\/www.turnados-dresden.de\/wp-content\/uploads\/ger\u00e4tturnen.jpg&#8220; align_tablet=&#8220;center&#8220; align_phone=&#8220;&#8220; align_last_edited=&#8220;on|desktop&#8220; _builder_version=&#8220;4.16&#8243; global_colors_info=&#8220;{}&#8220;][\/et_pb_image][et_pb_text admin_label=&#8220;Beschreibung Ger\u00e4tturnen&#8220; _builder_version=&#8220;4.16&#8243; global_colors_info=&#8220;{}&#8220;] Ger\u00e4tturnen ist das Bewegen an Gro\u00dfturnger\u00e4ten, f\u00fcr dessen Ausf\u00fchrung es Technik- und Bewertungskriterien gibt. Das Ger\u00e4tturnen ist als Sportart charakterisiert durch die Verwendung der Gro\u00dfger\u00e4te: Reck, Barren, Pauschenpferd, Ringeturnen, Boden, Stufenbarren, [&hellip;]<\/p>\n","protected":false},"author":1,"featured_media":0,"parent":0,"menu_order":0,"comment_status":"closed","ping_status":"closed","template":"","meta":{"_et_pb_use_builder":"on","_et_pb_old_content":"<p><img class=\"aligncenter size-large wp-image-601\" src=\"https:\/\/www.turnados-dresden.de\/wp-content\/uploads\/ger\u00e4tturnen-1024x549.jpg\" alt=\"\" width=\"1024\" height=\"549\"><\/p><p>Ger\u00e4tturnen ist das Bewegen an Gro\u00dfturnger\u00e4ten, f\u00fcr dessen Ausf\u00fchrung es Technik- und Bewertungskriterien gibt. Das Ger\u00e4tturnen ist als Sportart charakterisiert durch die Verwendung der Gro\u00dfger\u00e4te: Reck, Barren, Pauschenpferd, Ringeturnen, Boden, Stufenbarren, Schwebebalken und der Sprungger\u00e4te (Bock, Kasten, Pferd, Sprungtisch). Wir trainieren mit unseren Kindergruppen im breitensportlich orientierten Ger\u00e4tturnen. Wir nehmen nur an kleinen Wettk\u00e4mpfen teil, da diese bei uns eine untergeordnete Rolle spielen.<\/p><p>Unsere Kinder trainieren immer Montags 16 - 17:45 Uhr in der Turnhalle der 19. Grundschule Dresden, Am J\u00e4gerpark 5. Unser Training findet im Rahmen einer Kooperation mit der 19. Grundschule statt. Wir empfehlen unseren Kindern zus\u00e4tzlich am Kinderturnen teilzunehmen.<\/p><p>\u00a0<\/p><p>[tmm name=\"abteilung-geraetturnen\"]<\/p><p>\u00a0<\/p><p><strong>Wenn Sie zu uns kontakt aufnehmen m\u00f6chten, so haben Sie hier die M\u00f6glichkeit dazu:<\/strong><\/p><p>[contact-form-7 id=\"196\" title=\"Kontakt Ger\u00e4tturnen\"]<\/p>","_et_gb_content_width":"","ngg_post_thumbnail":0,"footnotes":""},"class_list":["post-63","page","type-page","status-publish","hentry"],"_links":{"self":[{"href":"https:\/\/www.dresden-kinderturnen.de\/index.php?rest_route=\/wp\/v2\/pages\/63","targetHints":{"allow":["GET"]}}],"collection":[{"href":"https:\/\/www.dresden-kinderturnen.de\/index.php?rest_route=\/wp\/v2\/pages"}],"about":[{"href":"https:\/\/www.dresden-kinderturnen.de\/index.php?rest_route=\/wp\/v2\/types\/page"}],"author":[{"embeddable":true,"href":"https:\/\/www.dresden-kinderturnen.de\/index.php?rest_route=\/wp\/v2\/users\/1"}],"replies":[{"embeddable":true,"href":"https:\/\/www.dresden-kinderturnen.de\/index.php?rest_route=%2Fwp%2Fv2%2Fcomments&post=63"}],"version-history":[{"count":23,"href":"https:\/\/www.dresden-kinderturnen.de\/index.php?rest_route=\/wp\/v2\/pages\/63\/revisions"}],"predecessor-version":[{"id":1810,"href":"https:\/\/www.dresden-kinderturnen.de\/index.php?rest_route=\/wp\/v2\/pages\/63\/revisions\/1810"}],"wp:attachment":[{"href":"https:\/\/www.dresden-kinderturnen.de\/index.php?rest_route=%2Fwp%2Fv2%2Fmedia&parent=63"}],"curies":[{"name":"wp","href":"https:\/\/api.w.org\/{rel}","templated":true}]}}