{"id":1780,"date":"2024-03-21T22:41:39","date_gmt":"2024-03-21T21:41:39","guid":{"rendered":"https:\/\/www.turnados-dresden.de\/?page_id=1780"},"modified":"2024-09-17T11:46:13","modified_gmt":"2024-09-17T09:46:13","slug":"unsere-gta-angebote","status":"publish","type":"page","link":"https:\/\/www.dresden-kinderturnen.de\/?page_id=1780","title":{"rendered":"Unsere GTA-Angebote"},"content":{"rendered":"<p>[et_pb_section fb_built=&#8220;1&#8243; _builder_version=&#8220;4.16&#8243; global_colors_info=&#8220;{}&#8220;][et_pb_row _builder_version=&#8220;4.16&#8243; background_size=&#8220;initial&#8220; background_position=&#8220;top_left&#8220; background_repeat=&#8220;repeat&#8220; global_colors_info=&#8220;{}&#8220;][et_pb_column type=&#8220;4_4&#8243; _builder_version=&#8220;4.16&#8243; custom_padding=&#8220;|||&#8220; global_colors_info=&#8220;{}&#8220; custom_padding__hover=&#8220;|||&#8220;][et_pb_text admin_label=&#8220;Beschreibung&#8220; _builder_version=&#8220;4.27.0&#8243; hover_enabled=&#8220;0&#8243; global_colors_info=&#8220;{}&#8220; sticky_enabled=&#8220;0&#8243;]<\/p>\n<p>F\u00fcr Kinder der 19. Grundschule Dresden besteht die M\u00f6glichkeit an unseren sportlichen Ganztagesangeboten teilzunehmen.<\/p>\n<p>Bei Interesse melden Sie Ihr Kind mit dem Kontakt-Formular anmelden. Alle weiteren Informationen erhalten sie per E-Mail bzw. Ihr Kind bei der ersten Teilnahme.<\/p>\n<p>[\/et_pb_text][\/et_pb_column][\/et_pb_row][et_pb_row column_structure=&#8220;1_3,1_3,1_3&#8243; _builder_version=&#8220;4.16&#8243; background_size=&#8220;initial&#8220; background_position=&#8220;top_left&#8220; background_repeat=&#8220;repeat&#8220; global_colors_info=&#8220;{}&#8220;][et_pb_column type=&#8220;1_3&#8243; _builder_version=&#8220;4.16&#8243; custom_padding=&#8220;|||&#8220; global_colors_info=&#8220;{}&#8220; custom_padding__hover=&#8220;|||&#8220;][et_pb_blurb title=&#8220;Kinderturnen&#8220; admin_label=&#8220;Kinderturnen&#8220; _builder_version=&#8220;4.24.2&#8243; global_colors_info=&#8220;{}&#8220;]<\/p>\n<p>Altersgruppe: 1. Klasse<\/p>\n<p>\u00dcbungszeit:<br \/>Freitag, 14:30 Uhr bis 15:45 Uhr<\/p>\n<p>[\/et_pb_blurb][\/et_pb_column][et_pb_column type=&#8220;1_3&#8243; _builder_version=&#8220;4.16&#8243; custom_padding=&#8220;|||&#8220; global_colors_info=&#8220;{}&#8220; custom_padding__hover=&#8220;|||&#8220;][et_pb_blurb title=&#8220;Ger\u00e4tturnen&#8220; admin_label=&#8220;Ger\u00e4tturnen&#8220; _builder_version=&#8220;4.27.0&#8243; global_colors_info=&#8220;{}&#8220;]<\/p>\n<p>Altersgruppe: 2. Klasse<\/p>\n<p>\u00dcbungszeit:<br \/>Donnerstag, 16:00 Uhr bis 17:45 Uhr<\/p>\n<p>[\/et_pb_blurb][\/et_pb_column][et_pb_column type=&#8220;1_3&#8243; _builder_version=&#8220;4.16&#8243; custom_padding=&#8220;|||&#8220; global_colors_info=&#8220;{}&#8220; custom_padding__hover=&#8220;|||&#8220;][et_pb_blurb title=&#8220;Jugendturnen&#8220; admin_label=&#8220;Jugendturnen&#8220; _builder_version=&#8220;4.27.0&#8243; global_colors_info=&#8220;{}&#8220;]<\/p>\n<p>Altersgruppe: 3(4). Klasse<\/p>\n<p>\u00dcbungszeit:<br \/>Freitag, 16:00 Uhr bis 17:30 Uhr<\/p>\n<p>[\/et_pb_blurb][\/et_pb_column][\/et_pb_row][et_pb_row _builder_version=&#8220;4.16&#8243; background_size=&#8220;initial&#8220; background_position=&#8220;top_left&#8220; background_repeat=&#8220;repeat&#8220; global_colors_info=&#8220;{}&#8220;][et_pb_column type=&#8220;4_4&#8243; _builder_version=&#8220;4.16&#8243; custom_padding=&#8220;|||&#8220; global_colors_info=&#8220;{}&#8220; custom_padding__hover=&#8220;|||&#8220;][et_pb_text admin_label=&#8220;Trainingsort&#8220; _builder_version=&#8220;4.24.2&#8243; global_colors_info=&#8220;{}&#8220;]<\/p>\n<p>Unsere Gruppen \u00fcben in der Turnhalle der 19. Grundschule Dresden (Am J\u00e4gerpark 5, 01099 Dresden).<\/p>\n<p>[\/et_pb_text][et_pb_text admin_label=&#8220;Kontaktformular&#8220; _builder_version=&#8220;4.27.0&#8243; hover_enabled=&#8220;0&#8243; global_colors_info=&#8220;{}&#8220; sticky_enabled=&#8220;0&#8243;]<\/p>\n<p><strong>Hinweis! F\u00fcr das Schuljahr sind alle Angebote \u00fcberbucht und es gibt eine Warteliste f\u00fcr unsere Angebote.<\/strong><\/p>\n<form id=\"torro-form-1772\" class=\"torro-form\" action=\"https:\/\/www.dresden-kinderturnen.de\" method=\"post\" enctype=\"multipart\/form-data\" novalidate>\n\t\t\t\n\t<p><span aria-hidden=\"true\">Erforderliche Felder sind wie folgt markiert <span class=\"torro-required-indicator\">*<\/span>.<\/span><\/p>\n\n\n\t<fieldset id=\"torro-element-38-wrap\" class=\"torro-element-wrap\">\n\t\n\t<legend id=\"torro-element-38-label\" class=\"torro-element-label\">\n\t\tBitte das GTA-Angebot w\u00e4hlen:\t\t<span class=\"screen-reader-text\">(erforderlich)<\/span><span class=\"torro-required-indicator\" aria-hidden=\"true\">*<\/span>\t<\/legend>\n\n\t<div>\n\t\t\n\t\t\t\t\t\t\t\t<div class=\"torro-toggle\">\n\t\t\t\t<input type=\"radio\" id=\"torro-element-38-1\" name=\"torro_submission[values][38][_main]\" class=\"torro-element-input\" value=\"1. Klasse, Angebot derzeitig ausgebucht\">\n\t\t\t\t<label id=\"torro-element-38-1-label\" class=\"torro-element-label\" for=\"torro-element-38-1\">\n\t\t\t\t\t1. Klasse, Angebot derzeitig ausgebucht\t\t\t\t<\/label>\n\t\t\t<\/div>\n\t\t\t\t\t\t\t\t<div class=\"torro-toggle\">\n\t\t\t\t<input type=\"radio\" id=\"torro-element-38-2\" name=\"torro_submission[values][38][_main]\" class=\"torro-element-input\" value=\"2. Klasse: Ger\u00e4tturnen, immer montags 16:00 bis 17:45 Uhr\">\n\t\t\t\t<label id=\"torro-element-38-2-label\" class=\"torro-element-label\" for=\"torro-element-38-2\">\n\t\t\t\t\t2. Klasse: Ger\u00e4tturnen, immer montags 16:00 bis 17:45 Uhr\t\t\t\t<\/label>\n\t\t\t<\/div>\n\t\t\t\t\t\t\t\t<div class=\"torro-toggle\">\n\t\t\t\t<input type=\"radio\" id=\"torro-element-38-3\" name=\"torro_submission[values][38][_main]\" class=\"torro-element-input\" value=\"3 (4). Klasse: Jugendturnen, immer freitags 16:00 bis 17:30 Uhr\">\n\t\t\t\t<label id=\"torro-element-38-3-label\" class=\"torro-element-label\" for=\"torro-element-38-3\">\n\t\t\t\t\t3 (4). Klasse: Jugendturnen, immer freitags 16:00 bis 17:30 Uhr\t\t\t\t<\/label>\n\t\t\t<\/div>\n\t\t\n\t\t\t<\/div>\n\n\t<\/fieldset>\n\t<div id=\"torro-element-39-wrap\" class=\"torro-element-wrap\">\n\t\n\t<label id=\"torro-element-39-label\" class=\"torro-element-label\" for=\"torro-element-39\">\n\t\tVorname des Kindes\t\t<span class=\"screen-reader-text\">(erforderlich)<\/span><span class=\"torro-required-indicator\" aria-hidden=\"true\">*<\/span>\t<\/label>\n\n\t<div>\n\t\t\n\t\t<input id=\"torro-element-39\" name=\"torro_submission[values][39][_main]\" class=\"torro-element-input\" type=\"text\" aria-required=\"true\" required value=\"\">\n\n\t\t\t<\/div>\n\n\t<\/div>\n\t<div id=\"torro-element-40-wrap\" class=\"torro-element-wrap\">\n\t\n\t<label id=\"torro-element-40-label\" class=\"torro-element-label\" for=\"torro-element-40\">\n\t\tFamilienname des Kindes\t\t<span class=\"screen-reader-text\">(erforderlich)<\/span><span class=\"torro-required-indicator\" aria-hidden=\"true\">*<\/span>\t<\/label>\n\n\t<div>\n\t\t\n\t\t<input id=\"torro-element-40\" name=\"torro_submission[values][40][_main]\" class=\"torro-element-input\" type=\"text\" aria-required=\"true\" required value=\"\">\n\n\t\t\t<\/div>\n\n\t<\/div>\n\t<div id=\"torro-element-41-wrap\" class=\"torro-element-wrap\">\n\t\n\t<label id=\"torro-element-41-label\" class=\"torro-element-label\" for=\"torro-element-41\">\n\t\tE-Mail-Adresse der Eltern\t\t<span class=\"screen-reader-text\">(erforderlich)<\/span><span class=\"torro-required-indicator\" aria-hidden=\"true\">*<\/span>\t<\/label>\n\n\t<div>\n\t\t\n\t\t<input id=\"torro-element-41\" name=\"torro_submission[values][41][_main]\" class=\"torro-element-input\" type=\"email\" aria-required=\"true\" required value=\"\">\n\n\t\t\t<\/div>\n\n\t<\/div>\n\t<div id=\"torro-element-42-wrap\" class=\"torro-element-wrap\">\n\t\n\t<label id=\"torro-element-42-label\" class=\"torro-element-label\" for=\"torro-element-42\">\n\t\tAnmerkungen:\t\t\t<\/label>\n\n\t<div>\n\t\t\n\t\t<textarea id=\"torro-element-42\" name=\"torro_submission[values][42][_main]\" class=\"torro-element-input\" rows=\"10\" cols=\"75\"><\/textarea>\n\n\t\t\t<\/div>\n\n\t<\/div>\n\n\t\n\t\t\t<div id=\"torro-email-wrap\" class=\"torro-element-wrap\">\n\t\n\t<label id=\"torro-email-label\" class=\"torro-element-label\" for=\"torro-email\">\n\t\tFinger weg von diesem Feld, wenn Du ein Mensch bist.\t\t\t<\/label>\n\n\t<div>\n\t\t\n\t\t<input type=\"text\" id=\"torro-email\" name=\"email\" class=\"torro-element-input\">\n\n\t\t\t<\/div>\n\n\t<\/div>\n\t\n\t<div class=\"torro-pager\">\n\t\t\n\t\t\t\t\t<div class=\"next\">\n\t\t\t\t<button type=\"submit\" name=\"torro_submission[action]\" value=\"submit\" class=\"torro-button torro-button-primary\">Senden<\/button>\n\t\t\t<\/div>\n\t\t\t<\/div>\n\n\t\n\t<input type=\"hidden\" name=\"torro_submission[nonce]\" value=\"830893a5ab\"><input type=\"hidden\" name=\"torro_submission[form_id]\" value=\"1772\"><\/form>\n\n<p>[\/et_pb_text][\/et_pb_column][\/et_pb_row][\/et_pb_section]<\/p>\n","protected":false},"excerpt":{"rendered":"<p>F\u00fcr Kinder der 19. Grundschule Dresden besteht die M\u00f6glichkeit an unseren sportlichen Ganztagesangeboten teilzunehmen. Bei Interesse melden Sie Ihr Kind mit dem Kontakt-Formular anmelden. Alle weiteren Informationen erhalten sie per E-Mail bzw. Ihr Kind bei der ersten Teilnahme.Altersgruppe: 1. Klasse \u00dcbungszeit:Freitag, 14:30 Uhr bis 15:45 UhrAltersgruppe: 2. Klasse \u00dcbungszeit:Donnerstag, 16:00 Uhr bis 17:45 UhrAltersgruppe: 3(4). [&hellip;]<\/p>\n","protected":false},"author":1,"featured_media":0,"parent":0,"menu_order":0,"comment_status":"closed","ping_status":"closed","template":"","meta":{"_et_pb_use_builder":"on","_et_pb_old_content":"","_et_gb_content_width":"","ngg_post_thumbnail":0,"footnotes":""},"class_list":["post-1780","page","type-page","status-publish","hentry"],"_links":{"self":[{"href":"https:\/\/www.dresden-kinderturnen.de\/index.php?rest_route=\/wp\/v2\/pages\/1780","targetHints":{"allow":["GET"]}}],"collection":[{"href":"https:\/\/www.dresden-kinderturnen.de\/index.php?rest_route=\/wp\/v2\/pages"}],"about":[{"href":"https:\/\/www.dresden-kinderturnen.de\/index.php?rest_route=\/wp\/v2\/types\/page"}],"author":[{"embeddable":true,"href":"https:\/\/www.dresden-kinderturnen.de\/index.php?rest_route=\/wp\/v2\/users\/1"}],"replies":[{"embeddable":true,"href":"https:\/\/www.dresden-kinderturnen.de\/index.php?rest_route=%2Fwp%2Fv2%2Fcomments&post=1780"}],"version-history":[{"count":7,"href":"https:\/\/www.dresden-kinderturnen.de\/index.php?rest_route=\/wp\/v2\/pages\/1780\/revisions"}],"predecessor-version":[{"id":1813,"href":"https:\/\/www.dresden-kinderturnen.de\/index.php?rest_route=\/wp\/v2\/pages\/1780\/revisions\/1813"}],"wp:attachment":[{"href":"https:\/\/www.dresden-kinderturnen.de\/index.php?rest_route=%2Fwp%2Fv2%2Fmedia&parent=1780"}],"curies":[{"name":"wp","href":"https:\/\/api.w.org\/{rel}","templated":true}]}}